{"id":3148,"date":"2024-04-22T10:48:05","date_gmt":"2024-04-22T07:48:05","guid":{"rendered":"https:\/\/elearning.idi.co.ug\/?page_id=3148"},"modified":"2024-04-22T16:23:01","modified_gmt":"2024-04-22T13:23:01","slug":"renforcement-des-capacites-scientifiques-de-mise-en-oeuvre-pour-les-instituts-nationaux-de-sante-publique","status":"publish","type":"page","link":"https:\/\/elearning.idi.co.ug\/index.php\/renforcement-des-capacites-scientifiques-de-mise-en-oeuvre-pour-les-instituts-nationaux-de-sante-publique\/","title":{"rendered":"Renforcement des capacit\u00e9s scientifiques de mise en \u0153uvre pour les instituts nationaux de sant\u00e9 publique"},"content":{"rendered":"<div id=\"top-image\"><img loading=\"lazy\" class=\"aligncenter size-full wp-image-2134\" src=\"https:\/\/elearning.idi.co.ug\/newvle\/wp-content\/uploads\/2022\/01\/banner.jpg\" alt=\"\" width=\"1900\" height=\"369\" srcset=\"https:\/\/elearning.idi.co.ug\/wp-content\/uploads\/2022\/01\/banner.jpg 1900w, https:\/\/elearning.idi.co.ug\/wp-content\/uploads\/2022\/01\/banner-300x58.jpg 300w, https:\/\/elearning.idi.co.ug\/wp-content\/uploads\/2022\/01\/banner-768x149.jpg 768w, https:\/\/elearning.idi.co.ug\/wp-content\/uploads\/2022\/01\/banner-1024x199.jpg 1024w\" sizes=\"(max-width: 1900px) 100vw, 1900px\" \/><\/div>\n<div id=\"what-we-do-wrap\">\n<div id=\"courses-left-section\">\n<div id=\"courses-page-block-apply\">\n<a href=\"https:\/\/elearning.idi.co.ug\/index.php\/implementation-science-capacity-building-for-national-public-health-institutes\/\"  rel=\"noopener\">English<\/a>\n<\/div>\n<div id=\"course-title\">\n<h3>Renforcement des capacit\u00e9s scientifiques de mise en \u0153uvre pour les instituts nationaux de sant\u00e9 publique<\/h3>\n<\/div>\n<div id=\"courses-left-section-top\">\n<p><strong>Dur\u00e9e du cours: <\/strong>8 semaines<br \/>\n<strong>Mode de livraison: <\/strong>en ligne<br \/>\n<strong>Admissibilit\u00e9: <\/strong>effectif des instituts nationaux de sant\u00e9 publique<br \/>\n<strong>Disponibilit\u00e9 des cours: <\/strong>restreinte<br \/>\n<strong>Tarif du cours: <\/strong>Acc\u00e8s libre<\/p>\n<div id=\"courses-page-block-apply\">\n<p><a href=\"https:\/\/elearning.idi.co.ug\/courses\/course\/view.php?id=174\" target=\"_blank\" rel=\"noopener\">Login<\/a><\/p>\n<p><!--<a href=\"#\" target=\"_blank\" rel=\"noopener\">Apply<\/a>--><\/p>\n<\/div>\n<\/div>\n<div id=\"courses-left-section-bottom\">\n<h3>Aper\u00e7u<\/h3>\n<p>Le renforcement des capacit\u00e9s scientifiques de mise en \u0153uvre pour les instituts nationaux de sant\u00e9 publique est un programme intensif de huit semaines. L&#8217;objectif g\u00e9n\u00e9ral du cours est de renforcer les instituts nationaux de sant\u00e9 publique (INSP) \u00e0 travers l&#8217;Afrique en d\u00e9veloppant les capacit\u00e9s du personnel des INSP en mati\u00e8re de science de mise en \u0153uvre. L&#8217;objectif sp\u00e9cifique du cours est de renforcer la capacit\u00e9 des INSP \u00e0 transformer les r\u00e9sultats de la recherche en actions et politiques de sant\u00e9 publique. Le cours est destin\u00e9 au personnel de NPHI qui utilise des donn\u00e9es probantes pour mettre en \u0153uvre des changements dans les programmes de soins de sant\u00e9 et comprend des professionnels de la sant\u00e9 publique, des cliniciens, des gestionnaires de services de sant\u00e9 et des d\u00e9cideurs politiques. Le cours sera propos\u00e9 sous forme de programme virtuel (communaut\u00e9 de pratique en ligne \u2013 s\u00e9rie de s\u00e9minaires bas\u00e9s sur zoom) ax\u00e9 sur la science de la mise en \u0153uvre. Le cours se compose de huit modules h\u00e9berg\u00e9s sur l&#8217;environnement d&#8217;apprentissage virtuel (VLE) de l&#8217;Infectious Diseases Institute.<\/p>\n<p><strong>\u00c0 la fin de ce cours, les participants devraient \u00eatre capables de :<\/strong><\/p>\n<ul>\n<li>Avoir une base pour d\u00e9velopper et mettre en \u0153uvre des strat\u00e9gies visant \u00e0 acc\u00e9l\u00e9rer la traduction des donn\u00e9es probantes dans la pratique, les politiques et la sant\u00e9 publique.<\/li>\n<li>Acqu\u00e9rir des connaissances et des comp\u00e9tences sur la fa\u00e7on de d\u00e9velopper des relations de confiance et des recherches percutantes avec la communaut\u00e9 et de pr\u00e9parer les partenaires communautaires \u00e0 s&#8217;engager dans la recherche en sant\u00e9.<\/li>\n<li>Se familiariser avec les approches d&#8217;\u00e9valuation d&#8217;un programme de sant\u00e9 fond\u00e9 sur des donn\u00e9es probantes ou d&#8217;une intervention mise en \u0153uvre dans une clinique ou dans un cadre de sant\u00e9 publique.<\/li>\n<li>Appr\u00e9cier les th\u00e9ories sur le changement des comportements en mati\u00e8re de sant\u00e9 dans une gamme de contextes socio-\u00e9cologiques et de cadres de conception d&#8217;intervention.<\/li>\n<li>Comprendre quand les mod\u00e8les d&#8217;\u00e9tude \u00e0 m\u00e9thodes mixtes sont applicables \u00e0 la recherche.<\/li>\n<li>Comprendre les alternatives aux essais contr\u00f4l\u00e9s randomis\u00e9s individuels qui peuvent \u00eatre utilis\u00e9es pour \u00e9valuer les interventions plac\u00e9es dans des contextes r\u00e9els.<\/li>\n<li>Acqu\u00e9rir des outils pour comprendre et diagnostiquer les probl\u00e8mes dans les \u00e9l\u00e9ments cl\u00e9s des organisations de soins de sant\u00e9, y compris les structures et formes organisationnelles, la culture et le climat organisationnels, les syst\u00e8mes de pouvoir et de contr\u00f4le au sein des organisations de soins de sant\u00e9 et l&#8217;environnement organisationnel.<\/li>\n<li>Comprendre le processus politique et comment ils peuvent devenir des courtiers d&#8217;informations capables d&#8217;utiliser des preuves pour \u00e9clairer le processus politique.<\/li>\n<\/ul>\n<h3>Format<\/h3>\n<p>Ce cours comprendra une session d&#8217;auto-apprentissage asynchrone (4 \u00e0 6 heures) pour aider les apprenants \u00e0 s&#8217;acclimater \u00e0 un concept de cours de base, suivie d&#8217;une session en direct autoguid\u00e9e synchrone (2,15 heures) sur le concept connexe, men\u00e9e collectivement par les instituts nationaux de partenaires de sant\u00e9 publique. Au cours des sessions asynchrones et synchrones de communaut\u00e9 de pratique (CoP), les sujets suivants seront abord\u00e9s. Chacun des sujets sera structur\u00e9 dans une conf\u00e9rence pr\u00e9enregistr\u00e9e, avec des documents \u00e0 pr\u00e9-lire par les participants au cours une semaine avant la session CoP synchrone. . La session d&#8217;apprentissage CoP synchrone de 2,15 heures comprendra l&#8217;\u00e9coute d&#8217;une conf\u00e9rence pr\u00e9enregistr\u00e9e pour aider les apprenants \u00e0 s&#8217;acclimater \u00e0 un concept de module de base, suivie d&#8217;une discussion sur un concept connexe men\u00e9 collectivement, permettant aux participants d&#8217;interagir avec des experts scientifiques de mise en \u0153uvre et des apprenants de INSP.<\/p>\n<h3>\u00c9valuation<\/h3>\n<p>A la fin de chaque module, une \u00e9valuation de la compr\u00e9hension des stagiaires des concepts du module sera effectu\u00e9e. Les stagiaires devront assister \u00e0 tous les modules et d\u00e9velopper un concept d&#8217;une page d&#8217;une intervention fond\u00e9e sur des donn\u00e9es probantes (y compris une politique ou des lignes directrices) qu&#8217;ils envisagent d&#8217;\u00e9tendre. Les stagiaires utiliseront ensuite les apprentissages du cours pour am\u00e9liorer leurs concepts. A la fin des huit semaines, les stagiaires devront soumettre un concept avanc\u00e9 de leur projet.<br \/>\n<input type='hidden' bg_collapse_expand='69d378a289b011024339291' value='69d378a289b011024339291'><input type='hidden' id='bg-show-more-text-69d378a289b011024339291' value='Course Sessions'><input type='hidden' id='bg-show-less-text-69d378a289b011024339291' value='Show Less'><button id='bg-showmore-action-69d378a289b011024339291' class='bg-showmore-plg-button bg-red-button bg-arrow '   style=\" color:#ffffff;\">Course Sessions<\/button><div id='bg-showmore-hidden-69d378a289b011024339291' ><\/p>\n<div id=\"text-row\">\n<div id=\"text-row-left\">\n<h3>Module 1<\/h3>\n<\/div>\n<div id=\"text-row-right\">\n<div id=\"text-row-right-header\">\n<h3>Introduction \u00e0 la science, \u00e0 la th\u00e9orie et \u00e0 la conception de la mise en \u0153uvre<\/h3>\n<\/div>\n<div id=\"text-row-right-text\"><\/div>\n<\/div>\n<\/div>\n<div id=\"text-row\">\n<div id=\"text-row-left\">\n<h3>Module 2<\/h3>\n<\/div>\n<div id=\"text-row-right\">\n<div id=\"text-row-right-header\">\n<h3>Recherche sur l&#8217;engagement communautaire<\/h3>\n<\/div>\n<div id=\"text-row-right-text\"><\/div>\n<\/div>\n<\/div>\n<div id=\"text-row\">\n<div id=\"text-row-left\">\n<h3>Module 3<\/h3>\n<\/div>\n<div id=\"text-row-right\">\n<div id=\"text-row-right-header\">\n<h3>Recherche qualitative et m\u00e9thodes mixtes<\/h3>\n<\/div>\n<div id=\"text-row-right-text\"><\/div>\n<\/div>\n<\/div>\n<div id=\"text-row\">\n<div id=\"text-row-left\">\n<h3>Module 4<\/h3>\n<\/div>\n<div id=\"text-row-right\">\n<div id=\"text-row-right-header\">\n<h3>Mod\u00e8les d&#8217;\u00e9tude pour la recherche interventionnelle dans des contextes du monde r\u00e9el<\/h3>\n<\/div>\n<div id=\"text-row-right-text\"><\/div>\n<\/div>\n<\/div>\n<div id=\"text-row\">\n<div id=\"text-row-left\">\n<h3>Module 5<\/h3>\n<\/div>\n<div id=\"text-row-right\">\n<div id=\"text-row-right-header\">\n<h3>Concevoir des strat\u00e9gies de mise en \u0153uvre au niveau individuel<\/h3>\n<\/div>\n<div id=\"text-row-right-text\"><\/div>\n<\/div>\n<\/div>\n<div id=\"text-row\">\n<div id=\"text-row-left\">\n<h3>Module 6<\/h3>\n<\/div>\n<div id=\"text-row-right\">\n<div id=\"text-row-right-header\">\n<h3>Concevoir des interventions pour changer le comportement organisationnel<\/h3>\n<\/div>\n<div id=\"text-row-right-text\"><\/div>\n<\/div>\n<\/div>\n<div id=\"text-row\">\n<div id=\"text-row-left\">\n<h3>Module 7<\/h3>\n<\/div>\n<div id=\"text-row-right\">\n<div id=\"text-row-right-header\">\n<h3>\u00c9valuation des programmes en milieu clinique et de sant\u00e9 publique<\/h3>\n<\/div>\n<div id=\"text-row-right-text\"><\/div>\n<\/div>\n<\/div>\n<div id=\"text-row\">\n<div id=\"text-row-left\">\n<h3>Module 8<\/h3>\n<\/div>\n<div id=\"text-row-right\">\n<div id=\"text-row-right-header\">\n<h3>Traduire les donn\u00e9es probantes en politiques<\/h3>\n<\/div>\n<div id=\"text-row-right-text\"><\/div>\n<\/div>\n<\/div>\n<p><\/div><\/p>\n<\/div>\n<\/div>\n<div id=\"courses-right-section\">\n<div id=\"courses-right-section-inner\">\n<div id=\"courses-right-section-inner-header\">\n<h3>At a glance<\/h3>\n<\/div>\n<div id=\"courses-right-section-inner-row\">\n<div id=\"courses-right-section-inner-1\"><\/div>\n<div id=\"courses-right-section-inner-2\">Dur\u00e9e<\/div>\n<div id=\"courses-right-section-inner-3\">8 semaines<\/div>\n<\/div>\n<p><!-- End of courses-right-section-inner-row --><\/p>\n<div id=\"courses-right-section-inner-row\">\n<div id=\"courses-right-section-inner-1\"><\/div>\n<div id=\"courses-right-section-inner-2\">Modules<\/div>\n<div id=\"courses-right-section-inner-3\">8<\/div>\n<\/div>\n<p><!-- End of courses-right-section-inner-row --><\/p>\n<div id=\"courses-right-section-inner-row\">\n<div id=\"courses-right-section-inner-1\"><\/div>\n<div id=\"courses-right-section-inner-2\">Forums de discussion<\/div>\n<div id=\"courses-right-section-inner-3\">Oui<\/div>\n<\/div>\n<p><!-- End of courses-right-section-inner-row --><\/p>\n<div id=\"courses-right-section-inner-row\">\n<div id=\"courses-right-section-inner-1\"><\/div>\n<div id=\"courses-right-section-inner-2\">Certification<\/div>\n<div id=\"courses-right-section-inner-3\">Oui<\/div>\n<\/div>\n<p><!-- End of courses-right-section-inner-row --><\/p>\n<div id=\"courses-right-section-inner-row\">\n<div id=\"courses-right-section-inner-1\"><\/div>\n<div id=\"courses-right-section-inner-2\">Note de passage<\/div>\n<div id=\"courses-right-section-inner-3\">70%<\/div>\n<\/div>\n<p><!-- End of courses-right-section-inner-row --><br \/>\n<!--\n\n\n<div id=\"courses-page-block-apply-right\"><a href=\"https:\/\/elearning.idi.co.ug\/courses\/course\/view.php?id=174\" target=\"_blank\" rel=\"noopener\">Apply<\/a><\/div>\n\n\n--><\/p>\n<\/div>\n<p><!-- End of courses-right-section-inner --><br \/>\n<!--\n\n\n<div id=\"courses-right-section-inner\">\n\n\n<div id=\"courses-right-section-inner-header\">\n\n\n<h3>Quick Link<\/h3>\n\n\n<\/div>\n\n\n\n\n<div id=\"courses-right-section-others\">\n\n\n<div id=\"courses-right-section-image\"><img loading=\"lazy\" class=\"aligncenter size-full wp-image-2138\" src=\"https:\/\/elearning.idi.co.ug\/newvle\/wp-content\/uploads\/2022\/01\/new1-rz.jpg\" alt=\"\" width=\"298\" height=\"199\" \/><\/div>\n\n\n\n\n<div id=\"courses-right-section-header\">\n\n\n<h3>Courses<\/h3>\n\n\n<\/div>\n\n\n<\/div>\n\n\n\n\n<div id=\"courses-right-section-others\">\n\n\n<div id=\"courses-right-section-others\">\n\n\n<div id=\"courses-right-section-image\"><img loading=\"lazy\" class=\"aligncenter size-full wp-image-2138\" src=\"https:\/\/elearning.idi.co.ug\/newvle\/wp-content\/uploads\/2022\/01\/new1-rz.jpg\" alt=\"\" width=\"298\" height=\"199\" \/><\/div>\n\n\n\n\n<div id=\"courses-right-section-header\">\n\n\n<h3>Cases<\/h3>\n\n\n<\/div>\n\n\n<\/div>\n\n\n<\/div>\n\n\n\n\n<div id=\"courses-right-section-others\">\n\n\n<div id=\"courses-right-section-others\">\n\n\n<div id=\"courses-right-section-image\"><img loading=\"lazy\" class=\"aligncenter size-full wp-image-2138\" src=\"https:\/\/elearning.idi.co.ug\/newvle\/wp-content\/uploads\/2022\/01\/new1-rz.jpg\" alt=\"\" width=\"298\" height=\"199\" \/><\/div>\n\n\n\n\n<div id=\"courses-right-section-header\">\n\n\n<h3>ATIC<\/h3>\n\n\n<\/div>\n\n\n<\/div>\n\n\n<\/div>\n\n\n<\/div>\n\n\n<!-- End of courses-right-section-inner --><\/p>\n<\/div>\n<\/div>\n","protected":false},"excerpt":{"rendered":"<p>English Renforcement des capacit\u00e9s scientifiques de mise en \u0153uvre pour les instituts nationaux de sant\u00e9 publique Dur\u00e9e du cours: 8 semaines Mode de livraison: en ligne Admissibilit\u00e9: effectif des instituts nationaux de sant\u00e9 publique Disponibilit\u00e9 des cours: restreinte Tarif du cours: Acc\u00e8s libre Login Aper\u00e7u Le renforcement des capacit\u00e9s scientifiques de mise en \u0153uvre pour [&hellip;]<\/p>\n","protected":false},"author":1,"featured_media":0,"parent":0,"menu_order":0,"comment_status":"closed","ping_status":"closed","template":"","meta":[],"yoast_head":"<!-- This site is optimized with the Yoast SEO plugin v18.8 - https:\/\/yoast.com\/wordpress\/plugins\/seo\/ -->\n<title>eLearning Infectious Diseases Institute (IDI)<\/title>\n<meta name=\"description\" content=\"The IDI online courses aim at enhancing and building the technical capacity of healthcare workers in Uganda and throughout sub-Saharan Africa with emphasis on healthcare workers and other stakeholders whose work focuses on treatment, management and prevention of HIV\/AIDS and other infectious diseases.\" \/>\n<meta name=\"robots\" content=\"index, follow, max-snippet:-1, max-image-preview:large, max-video-preview:-1\" \/>\n<link rel=\"canonical\" href=\"https:\/\/elearning.idi.co.ug\/index.php\/renforcement-des-capacites-scientifiques-de-mise-en-oeuvre-pour-les-instituts-nationaux-de-sante-publique\/\" \/>\n<meta property=\"og:locale\" content=\"en_US\" \/>\n<meta property=\"og:type\" content=\"article\" \/>\n<meta property=\"og:title\" content=\"eLearning Infectious Diseases Institute (IDI)\" \/>\n<meta property=\"og:description\" content=\"The IDI online courses aim at enhancing and building the technical capacity of healthcare workers in Uganda and throughout sub-Saharan Africa with emphasis on healthcare workers and other stakeholders whose work focuses on treatment, management and prevention of HIV\/AIDS and other infectious diseases.\" \/>\n<meta property=\"og:url\" content=\"https:\/\/elearning.idi.co.ug\/index.php\/renforcement-des-capacites-scientifiques-de-mise-en-oeuvre-pour-les-instituts-nationaux-de-sante-publique\/\" \/>\n<meta property=\"og:site_name\" content=\"IDI Virtual Learning Environment\" \/>\n<meta property=\"article:modified_time\" content=\"2024-04-22T13:23:01+00:00\" \/>\n<meta property=\"og:image\" content=\"https:\/\/elearning.idi.co.ug\/newvle\/wp-content\/uploads\/2022\/01\/banner.jpg\" \/>\n<meta name=\"twitter:card\" content=\"summary\" \/>\n<meta name=\"twitter:label1\" content=\"Est. reading time\" \/>\n\t<meta name=\"twitter:data1\" content=\"4 minutes\" \/>\n<script type=\"application\/ld+json\" class=\"yoast-schema-graph\">{\"@context\":\"https:\/\/schema.org\",\"@graph\":[{\"@type\":\"Organization\",\"@id\":\"https:\/\/elearning.idi.co.ug\/#organization\",\"name\":\"Infectious Diseases Institute (IDI)\",\"url\":\"https:\/\/elearning.idi.co.ug\/\",\"sameAs\":[],\"logo\":{\"@type\":\"ImageObject\",\"inLanguage\":\"en-US\",\"@id\":\"https:\/\/elearning.idi.co.ug\/#\/schema\/logo\/image\/\",\"url\":\"https:\/\/elearning.idi.co.ug\/wp-content\/uploads\/2022\/05\/IDI-new-logo.jpg\",\"contentUrl\":\"https:\/\/elearning.idi.co.ug\/wp-content\/uploads\/2022\/05\/IDI-new-logo.jpg\",\"width\":220,\"height\":100,\"caption\":\"Infectious Diseases Institute (IDI)\"},\"image\":{\"@id\":\"https:\/\/elearning.idi.co.ug\/#\/schema\/logo\/image\/\"}},{\"@type\":\"WebSite\",\"@id\":\"https:\/\/elearning.idi.co.ug\/#website\",\"url\":\"https:\/\/elearning.idi.co.ug\/\",\"name\":\"IDI Virtual Learning Environment\",\"description\":\"IDI Virtual Learning Environment\",\"publisher\":{\"@id\":\"https:\/\/elearning.idi.co.ug\/#organization\"},\"potentialAction\":[{\"@type\":\"SearchAction\",\"target\":{\"@type\":\"EntryPoint\",\"urlTemplate\":\"https:\/\/elearning.idi.co.ug\/?s={search_term_string}\"},\"query-input\":\"required name=search_term_string\"}],\"inLanguage\":\"en-US\"},{\"@type\":\"ImageObject\",\"inLanguage\":\"en-US\",\"@id\":\"https:\/\/elearning.idi.co.ug\/index.php\/renforcement-des-capacites-scientifiques-de-mise-en-oeuvre-pour-les-instituts-nationaux-de-sante-publique\/#primaryimage\",\"url\":\"https:\/\/elearning.idi.co.ug\/newvle\/wp-content\/uploads\/2022\/01\/banner.jpg\",\"contentUrl\":\"https:\/\/elearning.idi.co.ug\/newvle\/wp-content\/uploads\/2022\/01\/banner.jpg\"},{\"@type\":\"WebPage\",\"@id\":\"https:\/\/elearning.idi.co.ug\/index.php\/renforcement-des-capacites-scientifiques-de-mise-en-oeuvre-pour-les-instituts-nationaux-de-sante-publique\/#webpage\",\"url\":\"https:\/\/elearning.idi.co.ug\/index.php\/renforcement-des-capacites-scientifiques-de-mise-en-oeuvre-pour-les-instituts-nationaux-de-sante-publique\/\",\"name\":\"eLearning Infectious Diseases Institute (IDI)\",\"isPartOf\":{\"@id\":\"https:\/\/elearning.idi.co.ug\/#website\"},\"primaryImageOfPage\":{\"@id\":\"https:\/\/elearning.idi.co.ug\/index.php\/renforcement-des-capacites-scientifiques-de-mise-en-oeuvre-pour-les-instituts-nationaux-de-sante-publique\/#primaryimage\"},\"datePublished\":\"2024-04-22T07:48:05+00:00\",\"dateModified\":\"2024-04-22T13:23:01+00:00\",\"description\":\"The IDI online courses aim at enhancing and building the technical capacity of healthcare workers in Uganda and throughout sub-Saharan Africa with emphasis on healthcare workers and other stakeholders whose work focuses on treatment, management and prevention of HIV\/AIDS and other infectious diseases.\",\"breadcrumb\":{\"@id\":\"https:\/\/elearning.idi.co.ug\/index.php\/renforcement-des-capacites-scientifiques-de-mise-en-oeuvre-pour-les-instituts-nationaux-de-sante-publique\/#breadcrumb\"},\"inLanguage\":\"en-US\",\"potentialAction\":[{\"@type\":\"ReadAction\",\"target\":[\"https:\/\/elearning.idi.co.ug\/index.php\/renforcement-des-capacites-scientifiques-de-mise-en-oeuvre-pour-les-instituts-nationaux-de-sante-publique\/\"]}]},{\"@type\":\"BreadcrumbList\",\"@id\":\"https:\/\/elearning.idi.co.ug\/index.php\/renforcement-des-capacites-scientifiques-de-mise-en-oeuvre-pour-les-instituts-nationaux-de-sante-publique\/#breadcrumb\",\"itemListElement\":[{\"@type\":\"ListItem\",\"position\":1,\"name\":\"Home\",\"item\":\"https:\/\/elearning.idi.co.ug\/\"},{\"@type\":\"ListItem\",\"position\":2,\"name\":\"Renforcement des capacit\u00e9s scientifiques de mise en \u0153uvre pour les instituts nationaux de sant\u00e9 publique\"}]}]}<\/script>\n<!-- \/ Yoast SEO plugin. -->","yoast_head_json":{"title":"eLearning Infectious Diseases Institute (IDI)","description":"The IDI online courses aim at enhancing and building the technical capacity of healthcare workers in Uganda and throughout sub-Saharan Africa with emphasis on healthcare workers and other stakeholders whose work focuses on treatment, management and prevention of HIV\/AIDS and other infectious diseases.","robots":{"index":"index","follow":"follow","max-snippet":"max-snippet:-1","max-image-preview":"max-image-preview:large","max-video-preview":"max-video-preview:-1"},"canonical":"https:\/\/elearning.idi.co.ug\/index.php\/renforcement-des-capacites-scientifiques-de-mise-en-oeuvre-pour-les-instituts-nationaux-de-sante-publique\/","og_locale":"en_US","og_type":"article","og_title":"eLearning Infectious Diseases Institute (IDI)","og_description":"The IDI online courses aim at enhancing and building the technical capacity of healthcare workers in Uganda and throughout sub-Saharan Africa with emphasis on healthcare workers and other stakeholders whose work focuses on treatment, management and prevention of HIV\/AIDS and other infectious diseases.","og_url":"https:\/\/elearning.idi.co.ug\/index.php\/renforcement-des-capacites-scientifiques-de-mise-en-oeuvre-pour-les-instituts-nationaux-de-sante-publique\/","og_site_name":"IDI Virtual Learning Environment","article_modified_time":"2024-04-22T13:23:01+00:00","og_image":[{"url":"https:\/\/elearning.idi.co.ug\/newvle\/wp-content\/uploads\/2022\/01\/banner.jpg"}],"twitter_card":"summary","twitter_misc":{"Est. reading time":"4 minutes"},"schema":{"@context":"https:\/\/schema.org","@graph":[{"@type":"Organization","@id":"https:\/\/elearning.idi.co.ug\/#organization","name":"Infectious Diseases Institute (IDI)","url":"https:\/\/elearning.idi.co.ug\/","sameAs":[],"logo":{"@type":"ImageObject","inLanguage":"en-US","@id":"https:\/\/elearning.idi.co.ug\/#\/schema\/logo\/image\/","url":"https:\/\/elearning.idi.co.ug\/wp-content\/uploads\/2022\/05\/IDI-new-logo.jpg","contentUrl":"https:\/\/elearning.idi.co.ug\/wp-content\/uploads\/2022\/05\/IDI-new-logo.jpg","width":220,"height":100,"caption":"Infectious Diseases Institute (IDI)"},"image":{"@id":"https:\/\/elearning.idi.co.ug\/#\/schema\/logo\/image\/"}},{"@type":"WebSite","@id":"https:\/\/elearning.idi.co.ug\/#website","url":"https:\/\/elearning.idi.co.ug\/","name":"IDI Virtual Learning Environment","description":"IDI Virtual Learning Environment","publisher":{"@id":"https:\/\/elearning.idi.co.ug\/#organization"},"potentialAction":[{"@type":"SearchAction","target":{"@type":"EntryPoint","urlTemplate":"https:\/\/elearning.idi.co.ug\/?s={search_term_string}"},"query-input":"required name=search_term_string"}],"inLanguage":"en-US"},{"@type":"ImageObject","inLanguage":"en-US","@id":"https:\/\/elearning.idi.co.ug\/index.php\/renforcement-des-capacites-scientifiques-de-mise-en-oeuvre-pour-les-instituts-nationaux-de-sante-publique\/#primaryimage","url":"https:\/\/elearning.idi.co.ug\/newvle\/wp-content\/uploads\/2022\/01\/banner.jpg","contentUrl":"https:\/\/elearning.idi.co.ug\/newvle\/wp-content\/uploads\/2022\/01\/banner.jpg"},{"@type":"WebPage","@id":"https:\/\/elearning.idi.co.ug\/index.php\/renforcement-des-capacites-scientifiques-de-mise-en-oeuvre-pour-les-instituts-nationaux-de-sante-publique\/#webpage","url":"https:\/\/elearning.idi.co.ug\/index.php\/renforcement-des-capacites-scientifiques-de-mise-en-oeuvre-pour-les-instituts-nationaux-de-sante-publique\/","name":"eLearning Infectious Diseases Institute (IDI)","isPartOf":{"@id":"https:\/\/elearning.idi.co.ug\/#website"},"primaryImageOfPage":{"@id":"https:\/\/elearning.idi.co.ug\/index.php\/renforcement-des-capacites-scientifiques-de-mise-en-oeuvre-pour-les-instituts-nationaux-de-sante-publique\/#primaryimage"},"datePublished":"2024-04-22T07:48:05+00:00","dateModified":"2024-04-22T13:23:01+00:00","description":"The IDI online courses aim at enhancing and building the technical capacity of healthcare workers in Uganda and throughout sub-Saharan Africa with emphasis on healthcare workers and other stakeholders whose work focuses on treatment, management and prevention of HIV\/AIDS and other infectious diseases.","breadcrumb":{"@id":"https:\/\/elearning.idi.co.ug\/index.php\/renforcement-des-capacites-scientifiques-de-mise-en-oeuvre-pour-les-instituts-nationaux-de-sante-publique\/#breadcrumb"},"inLanguage":"en-US","potentialAction":[{"@type":"ReadAction","target":["https:\/\/elearning.idi.co.ug\/index.php\/renforcement-des-capacites-scientifiques-de-mise-en-oeuvre-pour-les-instituts-nationaux-de-sante-publique\/"]}]},{"@type":"BreadcrumbList","@id":"https:\/\/elearning.idi.co.ug\/index.php\/renforcement-des-capacites-scientifiques-de-mise-en-oeuvre-pour-les-instituts-nationaux-de-sante-publique\/#breadcrumb","itemListElement":[{"@type":"ListItem","position":1,"name":"Home","item":"https:\/\/elearning.idi.co.ug\/"},{"@type":"ListItem","position":2,"name":"Renforcement des capacit\u00e9s scientifiques de mise en \u0153uvre pour les instituts nationaux de sant\u00e9 publique"}]}]}},"_links":{"self":[{"href":"https:\/\/elearning.idi.co.ug\/index.php\/wp-json\/wp\/v2\/pages\/3148"}],"collection":[{"href":"https:\/\/elearning.idi.co.ug\/index.php\/wp-json\/wp\/v2\/pages"}],"about":[{"href":"https:\/\/elearning.idi.co.ug\/index.php\/wp-json\/wp\/v2\/types\/page"}],"author":[{"embeddable":true,"href":"https:\/\/elearning.idi.co.ug\/index.php\/wp-json\/wp\/v2\/users\/1"}],"replies":[{"embeddable":true,"href":"https:\/\/elearning.idi.co.ug\/index.php\/wp-json\/wp\/v2\/comments?post=3148"}],"version-history":[{"count":11,"href":"https:\/\/elearning.idi.co.ug\/index.php\/wp-json\/wp\/v2\/pages\/3148\/revisions"}],"predecessor-version":[{"id":3163,"href":"https:\/\/elearning.idi.co.ug\/index.php\/wp-json\/wp\/v2\/pages\/3148\/revisions\/3163"}],"wp:attachment":[{"href":"https:\/\/elearning.idi.co.ug\/index.php\/wp-json\/wp\/v2\/media?parent=3148"}],"curies":[{"name":"wp","href":"https:\/\/api.w.org\/{rel}","templated":true}]}}